{"id":4515,"date":"2025-10-14T11:52:31","date_gmt":"2025-10-14T11:52:31","guid":{"rendered":"https:\/\/www.zg-gef.com\/docs\/"},"modified":"2026-03-27T13:53:03","modified_gmt":"2026-03-27T13:53:03","slug":"dokumenti","status":"publish","type":"page","link":"https:\/\/www.zg-gef.com\/hr\/dokumenti\/","title":{"rendered":"Dokumenti"},"content":{"rendered":"\t\t<div data-elementor-type=\"wp-page\" data-elementor-id=\"4515\" class=\"elementor elementor-4515 elementor-3518\" data-elementor-post-type=\"page\">\n\t\t\t\t<div class=\"elementor-element elementor-element-9f77870 e-flex e-con-boxed e-con e-parent\" data-id=\"9f77870\" data-element_type=\"container\" data-e-type=\"container\">\n\t\t\t\t\t<div class=\"e-con-inner\">\n\t\t\t\t<div class=\"elementor-element elementor-element-ac669ce elementor-widget elementor-widget-heading\" data-id=\"ac669ce\" data-element_type=\"widget\" data-e-type=\"widget\" data-widget_type=\"heading.default\">\n\t\t\t\t\t<h1 class=\"elementor-heading-title elementor-size-default\">Prodajna bro\u0161ura<\/h1>\t\t\t\t<\/div>\n\t\t\t\t<div class=\"elementor-element elementor-element-aea2315 elementor-mobile-align-justify elementor-widget__width-auto elementor-align-center elementor-widget elementor-widget-button\" data-id=\"aea2315\" data-element_type=\"widget\" data-e-type=\"widget\" data-widget_type=\"button.default\">\n\t\t\t\t\t\t\t\t\t\t<a class=\"elementor-button elementor-button-link elementor-size-sm\" href=\"https:\/\/www.zg-gef.com\/hr\/zg_gef26_hr-2\/\" target=\"_blank\">\n\t\t\t\t\t\t<span class=\"elementor-button-content-wrapper\">\n\t\t\t\t\t\t\t\t\t<span class=\"elementor-button-text\">Preuzmite prodajnu bro\u0161uru ovdje<\/span>\n\t\t\t\t\t<\/span>\n\t\t\t\t\t<\/a>\n\t\t\t\t\t\t\t\t<\/div>\n\t\t\t\t\t<\/div>\n\t\t\t\t<\/div>\n\t\t<div class=\"elementor-element elementor-element-17a718c e-flex e-con-boxed e-con e-parent\" data-id=\"17a718c\" data-element_type=\"container\" data-e-type=\"container\">\n\t\t\t\t\t<div class=\"e-con-inner\">\n\t\t\t\t<div class=\"elementor-element elementor-element-b2e1aca elementor-widget elementor-widget-heading\" data-id=\"b2e1aca\" data-element_type=\"widget\" data-e-type=\"widget\" data-widget_type=\"heading.default\">\n\t\t\t\t\t<h1 class=\"elementor-heading-title elementor-size-default\">Prijava izlaga\u010da i uvjeti sudjelovanja<\/h1>\t\t\t\t<\/div>\n\t\t\t\t<div class=\"elementor-element elementor-element-637a787 elementor-widget elementor-widget-text-editor\" data-id=\"637a787\" data-element_type=\"widget\" data-e-type=\"widget\" data-widget_type=\"text-editor.default\">\n\t\t\t\t\t\t\t\t\t<p>\u201ePrijava izlaga\u010da i uvjeti sudjelovanja\u201d predstavlja uvod u slu\u017ebeni dokument koji je potreban tvrtkama zainteresiranim za izlaganje na GEF sajmu. Obja\u0161njava postupak prijave, uvjete sudjelovanja i tehni\u010dke smjernice kako bi svi izlaga\u010di razumjeli obveze i standarde sajma. Ova stranica tako\u0111er pru\u017ea upute gdje preuzeti i pregledati kona\u010dni dokument prijave i uvjeta sudjelovanja na engleskom i hrvatskom jeziku kada bude dostupan.<\/p>\t\t\t\t\t\t\t\t<\/div>\n\t\t\t\t<div class=\"elementor-element elementor-element-70b6578 elementor-mobile-align-justify elementor-widget__width-auto elementor-align-center elementor-widget elementor-widget-button\" data-id=\"70b6578\" data-element_type=\"widget\" data-e-type=\"widget\" data-widget_type=\"button.default\">\n\t\t\t\t\t\t\t\t\t\t<a class=\"elementor-button elementor-button-link elementor-size-sm\" href=\"#\" target=\"_blank\">\n\t\t\t\t\t\t<span class=\"elementor-button-content-wrapper\">\n\t\t\t\t\t\t\t\t\t<span class=\"elementor-button-text\">Preuzmite prijavu izlaga\u010da i uvjeti sudjelovanja ovdje<\/span>\n\t\t\t\t\t<\/span>\n\t\t\t\t\t<\/a>\n\t\t\t\t\t\t\t\t<\/div>\n\t\t\t\t\t<\/div>\n\t\t\t\t<\/div>\n\t\t<div class=\"elementor-element elementor-element-57deb7a e-flex e-con-boxed e-con e-parent\" data-id=\"57deb7a\" data-element_type=\"container\" data-e-type=\"container\">\n\t\t\t\t\t<div class=\"e-con-inner\">\n\t\t\t\t<div class=\"elementor-element elementor-element-559ec83 elementor-widget elementor-widget-heading\" data-id=\"559ec83\" data-element_type=\"widget\" data-e-type=\"widget\" data-widget_type=\"heading.default\">\n\t\t\t\t\t<h1 class=\"elementor-heading-title elementor-size-default\">Bro\u0161ura namje\u0161taja<\/h1>\t\t\t\t<\/div>\n\t\t\t\t<div class=\"elementor-element elementor-element-32488dc elementor-mobile-align-justify elementor-widget__width-auto elementor-align-center elementor-widget elementor-widget-button\" data-id=\"32488dc\" data-element_type=\"widget\" data-e-type=\"widget\" data-widget_type=\"button.default\">\n\t\t\t\t\t\t\t\t\t\t<a class=\"elementor-button elementor-button-link elementor-size-sm\" href=\"https:\/\/www.zg-gef.com\/hr\/zg_gef26_hr-dodatna-oprema-2\/\" target=\"_blank\">\n\t\t\t\t\t\t<span class=\"elementor-button-content-wrapper\">\n\t\t\t\t\t\t\t\t\t<span class=\"elementor-button-text\">Preuzmite bro\u0161uru namje\u0161taja ovdje<\/span>\n\t\t\t\t\t<\/span>\n\t\t\t\t\t<\/a>\n\t\t\t\t\t\t\t\t<\/div>\n\t\t\t\t\t<\/div>\n\t\t\t\t<\/div>\n\t\t\t\t<\/div>\n\t\t","protected":false},"excerpt":{"rendered":"<p>Prodajna bro\u0161ura Preuzmite prodajnu bro\u0161uru ovdje Prijava izlaga\u010da i uvjeti sudjelovanja \u201ePrijava izlaga\u010da i uvjeti sudjelovanja\u201d predstavlja uvod u slu\u017ebeni dokument koji je potreban tvrtkama zainteresiranim za izlaganje na GEF sajmu. Obja\u0161njava postupak prijave, uvjete sudjelovanja i tehni\u010dke smjernice kako bi svi izlaga\u010di razumjeli obveze i standarde sajma. Ova stranica tako\u0111er pru\u017ea upute gdje preuzeti [&hellip;]<\/p>\n","protected":false},"author":1,"featured_media":0,"parent":0,"menu_order":0,"comment_status":"closed","ping_status":"closed","template":"","meta":{"_acf_changed":false,"footnotes":""},"class_list":["post-4515","page","type-page","status-publish","hentry"],"acf":[],"yoast_head":"<!-- This site is optimized with the Yoast SEO Premium plugin v23.7 (Yoast SEO v27.0) - https:\/\/yoast.com\/product\/yoast-seo-premium-wordpress\/ -->\n<title>Dokumenti - GEF - Green Energy Fair Zagreb<\/title>\n<meta name=\"description\" content=\"A two-day event that makes Zagreb the epicenter of green energy innovation held in the most monumental facility in Zagreb \u2013 Arena Zagreb.\" \/>\n<meta name=\"robots\" content=\"index, follow, max-snippet:-1, max-image-preview:large, max-video-preview:-1\" \/>\n<link rel=\"canonical\" href=\"https:\/\/www.zg-gef.com\/documents\/\" \/>\n<meta property=\"og:locale\" content=\"hr_HR\" \/>\n<meta property=\"og:type\" content=\"article\" \/>\n<meta property=\"og:title\" content=\"Dokumenti\" \/>\n<meta property=\"og:description\" content=\"A two-day event that makes Zagreb the epicenter of green energy innovation held in the most monumental facility in Zagreb \u2013 Arena Zagreb.\" \/>\n<meta property=\"og:url\" content=\"https:\/\/www.zg-gef.com\/documents\/\" \/>\n<meta property=\"og:site_name\" content=\"GEF - Green Energy Fair Zagreb\" \/>\n<meta property=\"article:modified_time\" content=\"2026-03-27T13:53:03+00:00\" \/>\n<meta name=\"twitter:card\" content=\"summary_large_image\" \/>\n<meta name=\"twitter:label1\" content=\"Procijenjeno vrijeme \u010ditanja\" \/>\n\t<meta name=\"twitter:data1\" content=\"1 minuta\" \/>\n<script type=\"application\/ld+json\" class=\"yoast-schema-graph\">{\"@context\":\"https:\/\/schema.org\",\"@graph\":[{\"@type\":\"WebPage\",\"@id\":\"https:\/\/www.zg-gef.com\/documents\/\",\"url\":\"https:\/\/www.zg-gef.com\/documents\/\",\"name\":\"Dokumenti - GEF - Green Energy Fair Zagreb\",\"isPartOf\":{\"@id\":\"https:\/\/www.zg-gef.com\/#website\"},\"datePublished\":\"2025-10-14T11:52:31+00:00\",\"dateModified\":\"2026-03-27T13:53:03+00:00\",\"description\":\"A two-day event that makes Zagreb the epicenter of green energy innovation held in the most monumental facility in Zagreb \u2013 Arena Zagreb.\",\"breadcrumb\":{\"@id\":\"https:\/\/www.zg-gef.com\/documents\/#breadcrumb\"},\"inLanguage\":\"hr\",\"potentialAction\":[{\"@type\":\"ReadAction\",\"target\":[\"https:\/\/www.zg-gef.com\/documents\/\"]}]},{\"@type\":\"BreadcrumbList\",\"@id\":\"https:\/\/www.zg-gef.com\/documents\/#breadcrumb\",\"itemListElement\":[{\"@type\":\"ListItem\",\"position\":1,\"name\":\"Home\",\"item\":\"https:\/\/www.zg-gef.com\/\"},{\"@type\":\"ListItem\",\"position\":2,\"name\":\"Dokumenti\"}]},{\"@type\":\"WebSite\",\"@id\":\"https:\/\/www.zg-gef.com\/#website\",\"url\":\"https:\/\/www.zg-gef.com\/\",\"name\":\"GEF - Green Energy Fair Zagreb\",\"description\":\"\",\"publisher\":{\"@id\":\"https:\/\/www.zg-gef.com\/#organization\"},\"potentialAction\":[{\"@type\":\"SearchAction\",\"target\":{\"@type\":\"EntryPoint\",\"urlTemplate\":\"https:\/\/www.zg-gef.com\/?s={search_term_string}\"},\"query-input\":{\"@type\":\"PropertyValueSpecification\",\"valueRequired\":true,\"valueName\":\"search_term_string\"}}],\"inLanguage\":\"hr\"},{\"@type\":\"Organization\",\"@id\":\"https:\/\/www.zg-gef.com\/#organization\",\"name\":\"GEF - Green Energy Fair Zagreb\",\"url\":\"https:\/\/www.zg-gef.com\/\",\"logo\":{\"@type\":\"ImageObject\",\"inLanguage\":\"hr\",\"@id\":\"https:\/\/www.zg-gef.com\/#\/schema\/logo\/image\/\",\"url\":\"https:\/\/www.zg-gef.com\/wp-content\/uploads\/2025\/08\/input-onlinepngtools.png\",\"contentUrl\":\"https:\/\/www.zg-gef.com\/wp-content\/uploads\/2025\/08\/input-onlinepngtools.png\",\"width\":595,\"height\":595,\"caption\":\"GEF - Green Energy Fair Zagreb\"},\"image\":{\"@id\":\"https:\/\/www.zg-gef.com\/#\/schema\/logo\/image\/\"},\"sameAs\":[\"https:\/\/www.linkedin.com\/company\/105140846\",\"https:\/\/www.instagram.com\/greenenergyfair?igsh=MWVxcWJ5NjkzZ2RiMg==\"]}]}<\/script>\n<!-- \/ Yoast SEO Premium plugin. -->","yoast_head_json":{"title":"Dokumenti - GEF - Green Energy Fair Zagreb","description":"A two-day event that makes Zagreb the epicenter of green energy innovation held in the most monumental facility in Zagreb \u2013 Arena Zagreb.","robots":{"index":"index","follow":"follow","max-snippet":"max-snippet:-1","max-image-preview":"max-image-preview:large","max-video-preview":"max-video-preview:-1"},"canonical":"https:\/\/www.zg-gef.com\/documents\/","og_locale":"hr_HR","og_type":"article","og_title":"Dokumenti","og_description":"A two-day event that makes Zagreb the epicenter of green energy innovation held in the most monumental facility in Zagreb \u2013 Arena Zagreb.","og_url":"https:\/\/www.zg-gef.com\/documents\/","og_site_name":"GEF - Green Energy Fair Zagreb","article_modified_time":"2026-03-27T13:53:03+00:00","twitter_card":"summary_large_image","twitter_misc":{"Procijenjeno vrijeme \u010ditanja":"1 minuta"},"schema":{"@context":"https:\/\/schema.org","@graph":[{"@type":"WebPage","@id":"https:\/\/www.zg-gef.com\/documents\/","url":"https:\/\/www.zg-gef.com\/documents\/","name":"Dokumenti - GEF - Green Energy Fair Zagreb","isPartOf":{"@id":"https:\/\/www.zg-gef.com\/#website"},"datePublished":"2025-10-14T11:52:31+00:00","dateModified":"2026-03-27T13:53:03+00:00","description":"A two-day event that makes Zagreb the epicenter of green energy innovation held in the most monumental facility in Zagreb \u2013 Arena Zagreb.","breadcrumb":{"@id":"https:\/\/www.zg-gef.com\/documents\/#breadcrumb"},"inLanguage":"hr","potentialAction":[{"@type":"ReadAction","target":["https:\/\/www.zg-gef.com\/documents\/"]}]},{"@type":"BreadcrumbList","@id":"https:\/\/www.zg-gef.com\/documents\/#breadcrumb","itemListElement":[{"@type":"ListItem","position":1,"name":"Home","item":"https:\/\/www.zg-gef.com\/"},{"@type":"ListItem","position":2,"name":"Dokumenti"}]},{"@type":"WebSite","@id":"https:\/\/www.zg-gef.com\/#website","url":"https:\/\/www.zg-gef.com\/","name":"GEF - Green Energy Fair Zagreb","description":"","publisher":{"@id":"https:\/\/www.zg-gef.com\/#organization"},"potentialAction":[{"@type":"SearchAction","target":{"@type":"EntryPoint","urlTemplate":"https:\/\/www.zg-gef.com\/?s={search_term_string}"},"query-input":{"@type":"PropertyValueSpecification","valueRequired":true,"valueName":"search_term_string"}}],"inLanguage":"hr"},{"@type":"Organization","@id":"https:\/\/www.zg-gef.com\/#organization","name":"GEF - Green Energy Fair Zagreb","url":"https:\/\/www.zg-gef.com\/","logo":{"@type":"ImageObject","inLanguage":"hr","@id":"https:\/\/www.zg-gef.com\/#\/schema\/logo\/image\/","url":"https:\/\/www.zg-gef.com\/wp-content\/uploads\/2025\/08\/input-onlinepngtools.png","contentUrl":"https:\/\/www.zg-gef.com\/wp-content\/uploads\/2025\/08\/input-onlinepngtools.png","width":595,"height":595,"caption":"GEF - Green Energy Fair Zagreb"},"image":{"@id":"https:\/\/www.zg-gef.com\/#\/schema\/logo\/image\/"},"sameAs":["https:\/\/www.linkedin.com\/company\/105140846","https:\/\/www.instagram.com\/greenenergyfair?igsh=MWVxcWJ5NjkzZ2RiMg=="]}]}},"_links":{"self":[{"href":"https:\/\/www.zg-gef.com\/hr\/wp-json\/wp\/v2\/pages\/4515","targetHints":{"allow":["GET"]}}],"collection":[{"href":"https:\/\/www.zg-gef.com\/hr\/wp-json\/wp\/v2\/pages"}],"about":[{"href":"https:\/\/www.zg-gef.com\/hr\/wp-json\/wp\/v2\/types\/page"}],"author":[{"embeddable":true,"href":"https:\/\/www.zg-gef.com\/hr\/wp-json\/wp\/v2\/users\/1"}],"replies":[{"embeddable":true,"href":"https:\/\/www.zg-gef.com\/hr\/wp-json\/wp\/v2\/comments?post=4515"}],"version-history":[{"count":18,"href":"https:\/\/www.zg-gef.com\/hr\/wp-json\/wp\/v2\/pages\/4515\/revisions"}],"predecessor-version":[{"id":5077,"href":"https:\/\/www.zg-gef.com\/hr\/wp-json\/wp\/v2\/pages\/4515\/revisions\/5077"}],"wp:attachment":[{"href":"https:\/\/www.zg-gef.com\/hr\/wp-json\/wp\/v2\/media?parent=4515"}],"curies":[{"name":"wp","href":"https:\/\/api.w.org\/{rel}","templated":true}]}}